{"id":11065,"date":"2021-04-09T19:00:56","date_gmt":"2021-04-09T19:00:56","guid":{"rendered":"http:\/\/wsc.chill4.com\/nachrichten\/"},"modified":"2025-10-20T14:19:12","modified_gmt":"2025-10-20T14:19:12","slug":"nachrichten","status":"publish","type":"page","link":"https:\/\/whitestonecapital.us\/de\/nachrichten\/","title":{"rendered":"Aktuelles"},"content":{"rendered":"\t\t<div data-elementor-type=\"wp-page\" data-elementor-id=\"11065\" class=\"elementor elementor-11065 elementor-185\" data-elementor-post-type=\"page\">\n\t\t\t\t<div class=\"elementor-element elementor-element-11233b24 e-flex e-con-boxed e-con e-parent\" data-id=\"11233b24\" data-element_type=\"container\" data-e-type=\"container\" data-settings=\"{&quot;background_background&quot;:&quot;classic&quot;}\">\n\t\t\t\t\t<div class=\"e-con-inner\">\n\t\t<div class=\"elementor-element elementor-element-2448d078 e-con-full e-flex e-con e-child\" data-id=\"2448d078\" data-element_type=\"container\" data-e-type=\"container\" data-settings=\"{&quot;background_background&quot;:&quot;classic&quot;}\">\n\t\t\t\t<div class=\"elementor-element elementor-element-7576012a elementor-widget-mobile__width-inherit elementor-widget elementor-widget-heading\" data-id=\"7576012a\" data-element_type=\"widget\" data-e-type=\"widget\" data-widget_type=\"heading.default\">\n\t\t\t\t<div class=\"elementor-widget-container\">\n\t\t\t\t\t<p class=\"elementor-heading-title elementor-size-default\">informiert bleiben.<\/p>\t\t\t\t<\/div>\n\t\t\t\t<\/div>\n\t\t\t\t<div class=\"elementor-element elementor-element-f62aa62 elementor-widget elementor-widget-heading\" data-id=\"f62aa62\" data-element_type=\"widget\" data-e-type=\"widget\" data-widget_type=\"heading.default\">\n\t\t\t\t<div class=\"elementor-widget-container\">\n\t\t\t\t\t<h2 class=\"elementor-heading-title elementor-size-default\">Neues aus der Whitestone-Welt.<\/h2>\t\t\t\t<\/div>\n\t\t\t\t<\/div>\n\t\t\t\t<\/div>\n\t\t<div class=\"elementor-element elementor-element-5dee34c8 elementor-hidden-mobile e-flex e-con-boxed e-con e-child\" data-id=\"5dee34c8\" data-element_type=\"container\" data-e-type=\"container\" data-settings=\"{&quot;background_background&quot;:&quot;classic&quot;}\">\n\t\t\t\t\t<div class=\"e-con-inner\">\n\t\t\t\t\t<\/div>\n\t\t\t\t<\/div>\n\t\t\t\t\t<\/div>\n\t\t\t\t<\/div>\n\t\t<div class=\"elementor-element elementor-element-fa01b95 e-flex e-con-boxed e-con e-parent\" data-id=\"fa01b95\" data-element_type=\"container\" data-e-type=\"container\">\n\t\t\t\t\t<div class=\"e-con-inner\">\n\t\t\t\t<div class=\"elementor-element elementor-element-45d7b38 raven-button-align-left elementor-widget elementor-widget-raven-posts\" data-id=\"45d7b38\" data-element_type=\"widget\" data-e-type=\"widget\" data-settings=\"{&quot;classic_columns&quot;:&quot;1&quot;,&quot;classic_columns_tablet&quot;:&quot;1&quot;,&quot;query_posts_per_page&quot;:5,&quot;classic_show_pagination&quot;:&quot;yes&quot;,&quot;classic_pagination_type&quot;:&quot;infinite_load&quot;,&quot;_skin&quot;:&quot;classic&quot;,&quot;classic_layout&quot;:&quot;grid&quot;,&quot;classic_columns_mobile&quot;:&quot;1&quot;,&quot;query_offset&quot;:0}\" data-widget_type=\"raven-posts.classic\">\n\t\t\t\t<div class=\"elementor-widget-container\">\n\t\t\t\t\t\t\t<div class=\"raven-posts raven-grid raven-grid-1 raven-grid-mobile-1 raven-grid-tablet-1\" data-post-id=\"11065\" data-archive-query=\"\" data-lang=\"\">\n\t\t\t\t<div class=\"raven-grid-item raven-post-item post-21105 post type-post status-publish format-standard has-post-thumbnail hentry\">\n\t\t\t<div class=\"raven-post raven-post-inline raven-post-inline-left\">\n\t\t\t\t\t\t<div class=\"raven-post-image-wrap\">\n\t\t\t<a class=\"raven-post-image raven-image-fit\" href=\"https:\/\/whitestonecapital.us\/de\/wohnimmobilien-deutschland-2026-viel-kapital-wenig-rendite\/\"><img fetchpriority=\"high\" decoding=\"async\" width=\"1920\" height=\"915\" src=\"https:\/\/whitestonecapital.us\/wp-content\/uploads\/2026\/04\/Viel_Kapital_wenig_Rendite.avif\" class=\"attachment-full size-full wp-image-21117\" alt=\"\" srcset=\"https:\/\/whitestonecapital.us\/wp-content\/uploads\/2026\/04\/Viel_Kapital_wenig_Rendite.avif 1920w, https:\/\/whitestonecapital.us\/wp-content\/uploads\/2026\/04\/Viel_Kapital_wenig_Rendite-300x143.avif 300w, https:\/\/whitestonecapital.us\/wp-content\/uploads\/2026\/04\/Viel_Kapital_wenig_Rendite-1024x488.avif 1024w, https:\/\/whitestonecapital.us\/wp-content\/uploads\/2026\/04\/Viel_Kapital_wenig_Rendite-768x366.avif 768w, https:\/\/whitestonecapital.us\/wp-content\/uploads\/2026\/04\/Viel_Kapital_wenig_Rendite-1536x732.avif 1536w\" sizes=\"(max-width: 1920px) 100vw, 1920px\" \/> <span class=\"raven-post-image-overlay\"><\/span><\/a>\t\t<\/div>\n\t\t\t\t\t\t<div class=\"raven-post-content\">\n\t\t\t\t\t\t\t<div class=\"raven-post-meta\"><a class=\"raven-post-meta-item raven-post-date\" href=\"https:\/\/whitestonecapital.us\/de\/2026\/04\/\" rel=\"bookmark\">20. April 2026<\/a><\/div>\n\t\t<h2 class=\"raven-post-title\"><a class=\"raven-post-title-link\" href=\"https:\/\/whitestonecapital.us\/de\/wohnimmobilien-deutschland-2026-viel-kapital-wenig-rendite\/\">Wohnimmobilien in Deutschland 2026: Viel Kapital, wenig Rendite<\/a><\/h2><div class=\"raven-post-excerpt\">Deutsche Wohnimmobilien binden 2026 viel Kapital, liefern aber immer seltener belastbaren Cashflow. Warum Regulierung, Kosten und Konjunktur die Renditelogik kippen \u2014 und weshalb die USA im Vergleich attraktiver wirken.<\/div>\t\t<div class=\"raven-post-read-more\">\n\t\t\t<a class=\"raven-post-button\" href=\"https:\/\/whitestonecapital.us\/de\/wohnimmobilien-deutschland-2026-viel-kapital-wenig-rendite\/\"><span class=\"raven-post-button-text\">read article<\/span><\/a>\n\t\t<\/div>\n\t\t\t\t\t\t<\/div>\n\t\t\t<\/div>\n\t\t<\/div>\n\t\t\t\t<div class=\"raven-grid-item raven-post-item post-21021 post type-post status-publish format-standard has-post-thumbnail hentry\">\n\t\t\t<div class=\"raven-post raven-post-inline raven-post-inline-left\">\n\t\t\t\t\t\t<div class=\"raven-post-image-wrap\">\n\t\t\t<a class=\"raven-post-image raven-image-fit\" href=\"https:\/\/whitestonecapital.us\/de\/us-immobilien-investment-tampa-bay-vs-miami\/\"><img decoding=\"async\" width=\"1920\" height=\"875\" src=\"https:\/\/whitestonecapital.us\/wp-content\/uploads\/2026\/04\/hero-miami-vs-tampa-bay-fundamentals.avif\" class=\"attachment-full size-full wp-image-21038\" alt=\"\" srcset=\"https:\/\/whitestonecapital.us\/wp-content\/uploads\/2026\/04\/hero-miami-vs-tampa-bay-fundamentals.avif 1920w, https:\/\/whitestonecapital.us\/wp-content\/uploads\/2026\/04\/hero-miami-vs-tampa-bay-fundamentals-300x137.avif 300w, https:\/\/whitestonecapital.us\/wp-content\/uploads\/2026\/04\/hero-miami-vs-tampa-bay-fundamentals-1024x467.avif 1024w, https:\/\/whitestonecapital.us\/wp-content\/uploads\/2026\/04\/hero-miami-vs-tampa-bay-fundamentals-768x350.avif 768w, https:\/\/whitestonecapital.us\/wp-content\/uploads\/2026\/04\/hero-miami-vs-tampa-bay-fundamentals-1536x700.avif 1536w\" sizes=\"(max-width: 1920px) 100vw, 1920px\" \/> <span class=\"raven-post-image-overlay\"><\/span><\/a>\t\t<\/div>\n\t\t\t\t\t\t<div class=\"raven-post-content\">\n\t\t\t\t\t\t\t<div class=\"raven-post-meta\"><a class=\"raven-post-meta-item raven-post-date\" href=\"https:\/\/whitestonecapital.us\/de\/2026\/04\/\" rel=\"bookmark\">2. April 2026<\/a><\/div>\n\t\t<h2 class=\"raven-post-title\"><a class=\"raven-post-title-link\" href=\"https:\/\/whitestonecapital.us\/de\/us-immobilien-investment-tampa-bay-vs-miami\/\">Der tr\u00fcgerische Glanz von Miami: Warum Tampa Bay das bessere Immobilien-Investment ist<\/a><\/h2><div class=\"raven-post-excerpt\">Miami gilt als Glamour-Markt mit internationaler Strahlkraft. Doch wer US-Immobilien nach Cash-Flow, Angebotsdynamik und Infrastruktur bewertet, kommt zu einem differenzierteren Ergebnis. Der Vergleich mit Tampa Bay zeigt, worauf es f\u00fcr rationale Investoren wirklich ankommt.<\/div>\t\t<div class=\"raven-post-read-more\">\n\t\t\t<a class=\"raven-post-button\" href=\"https:\/\/whitestonecapital.us\/de\/us-immobilien-investment-tampa-bay-vs-miami\/\"><span class=\"raven-post-button-text\">read article<\/span><\/a>\n\t\t<\/div>\n\t\t\t\t\t\t<\/div>\n\t\t\t<\/div>\n\t\t<\/div>\n\t\t\t\t<div class=\"raven-grid-item raven-post-item post-20953 post type-post status-publish format-standard has-post-thumbnail hentry\">\n\t\t\t<div class=\"raven-post raven-post-inline raven-post-inline-left\">\n\t\t\t\t\t\t<div class=\"raven-post-image-wrap\">\n\t\t\t<a class=\"raven-post-image raven-image-fit\" href=\"https:\/\/whitestonecapital.us\/de\/iran-konflikt-immobilienmarkt-deutschland-usa\/\"><img decoding=\"async\" width=\"1920\" height=\"871\" src=\"https:\/\/whitestonecapital.us\/wp-content\/uploads\/2026\/03\/iran-konflikt-immobilienmarkt-deutschland-usa-hero.jpg\" class=\"attachment-full size-full wp-image-20960\" alt=\"\" srcset=\"https:\/\/whitestonecapital.us\/wp-content\/uploads\/2026\/03\/iran-konflikt-immobilienmarkt-deutschland-usa-hero.jpg 1920w, https:\/\/whitestonecapital.us\/wp-content\/uploads\/2026\/03\/iran-konflikt-immobilienmarkt-deutschland-usa-hero-300x136.jpg 300w, https:\/\/whitestonecapital.us\/wp-content\/uploads\/2026\/03\/iran-konflikt-immobilienmarkt-deutschland-usa-hero-1024x465.jpg 1024w, https:\/\/whitestonecapital.us\/wp-content\/uploads\/2026\/03\/iran-konflikt-immobilienmarkt-deutschland-usa-hero-768x348.jpg 768w, https:\/\/whitestonecapital.us\/wp-content\/uploads\/2026\/03\/iran-konflikt-immobilienmarkt-deutschland-usa-hero-1536x697.jpg 1536w\" sizes=\"(max-width: 1920px) 100vw, 1920px\" \/> <span class=\"raven-post-image-overlay\"><\/span><\/a>\t\t<\/div>\n\t\t\t\t\t\t<div class=\"raven-post-content\">\n\t\t\t\t\t\t\t<div class=\"raven-post-meta\"><a class=\"raven-post-meta-item raven-post-date\" href=\"https:\/\/whitestonecapital.us\/de\/2026\/03\/\" rel=\"bookmark\">23. M\u00e4rz 2026<\/a><\/div>\n\t\t<h2 class=\"raven-post-title\"><a class=\"raven-post-title-link\" href=\"https:\/\/whitestonecapital.us\/de\/iran-konflikt-immobilienmarkt-deutschland-usa\/\">Wie ein l\u00e4ngerer Iran-Konflikt den Immobilienmarkt in Deutschland und den USA ver\u00e4ndern w\u00fcrde<\/a><\/h2><div class=\"raven-post-excerpt\">Ein l\u00e4ngerer Iran-Konflikt w\u00fcrde den Immobilienmarkt nicht direkt milit\u00e4risch, sondern \u00fcber Energiepreise, Inflation und Zinsen treffen. Warum Deutschland strukturell verwundbarer w\u00e4re als die USA \u2013 und worauf Investoren jetzt achten m\u00fcssen.<\/div>\t\t<div class=\"raven-post-read-more\">\n\t\t\t<a class=\"raven-post-button\" href=\"https:\/\/whitestonecapital.us\/de\/iran-konflikt-immobilienmarkt-deutschland-usa\/\"><span class=\"raven-post-button-text\">read article<\/span><\/a>\n\t\t<\/div>\n\t\t\t\t\t\t<\/div>\n\t\t\t<\/div>\n\t\t<\/div>\n\t\t\t\t<div class=\"raven-grid-item raven-post-item post-20875 post type-post status-publish format-standard has-post-thumbnail hentry\">\n\t\t\t<div class=\"raven-post raven-post-inline raven-post-inline-left\">\n\t\t\t\t\t\t<div class=\"raven-post-image-wrap\">\n\t\t\t<a class=\"raven-post-image raven-image-fit\" href=\"https:\/\/whitestonecapital.us\/de\/multifamily-finanzierung-fixed-vs-float\/\"><img loading=\"lazy\" decoding=\"async\" width=\"1920\" height=\"874\" src=\"https:\/\/whitestonecapital.us\/wp-content\/uploads\/2026\/03\/hero-fixed-vs-floating-debate.avif\" class=\"attachment-full size-full wp-image-20896\" alt=\"\" srcset=\"https:\/\/whitestonecapital.us\/wp-content\/uploads\/2026\/03\/hero-fixed-vs-floating-debate.avif 1920w, https:\/\/whitestonecapital.us\/wp-content\/uploads\/2026\/03\/hero-fixed-vs-floating-debate-300x137.avif 300w, https:\/\/whitestonecapital.us\/wp-content\/uploads\/2026\/03\/hero-fixed-vs-floating-debate-1024x466.avif 1024w, https:\/\/whitestonecapital.us\/wp-content\/uploads\/2026\/03\/hero-fixed-vs-floating-debate-768x350.avif 768w, https:\/\/whitestonecapital.us\/wp-content\/uploads\/2026\/03\/hero-fixed-vs-floating-debate-1536x699.avif 1536w\" sizes=\"(max-width: 1920px) 100vw, 1920px\" \/> <span class=\"raven-post-image-overlay\"><\/span><\/a>\t\t<\/div>\n\t\t\t\t\t\t<div class=\"raven-post-content\">\n\t\t\t\t\t\t\t<div class=\"raven-post-meta\"><a class=\"raven-post-meta-item raven-post-date\" href=\"https:\/\/whitestonecapital.us\/de\/2026\/03\/\" rel=\"bookmark\">16. M\u00e4rz 2026<\/a><\/div>\n\t\t<h2 class=\"raven-post-title\"><a class=\"raven-post-title-link\" href=\"https:\/\/whitestonecapital.us\/de\/multifamily-finanzierung-fixed-vs-float\/\">Multifamily-Immobilienfinanzierung: Warum Fixed vs. Float die falsche Frage ist<\/a><\/h2><div class=\"raven-post-excerpt\">Fixed oder Float? Warum diese Debatte bei der Immobilienfinanzierung zu kurz greift und der Risiko-Spread bei Multifamily-Assets jetzt alles entscheidet.<\/div>\t\t<div class=\"raven-post-read-more\">\n\t\t\t<a class=\"raven-post-button\" href=\"https:\/\/whitestonecapital.us\/de\/multifamily-finanzierung-fixed-vs-float\/\"><span class=\"raven-post-button-text\">read article<\/span><\/a>\n\t\t<\/div>\n\t\t\t\t\t\t<\/div>\n\t\t\t<\/div>\n\t\t<\/div>\n\t\t\t\t<div class=\"raven-grid-item raven-post-item post-20805 post type-post status-publish format-standard has-post-thumbnail hentry\">\n\t\t\t<div class=\"raven-post raven-post-inline raven-post-inline-left\">\n\t\t\t\t\t\t<div class=\"raven-post-image-wrap\">\n\t\t\t<a class=\"raven-post-image raven-image-fit\" href=\"https:\/\/whitestonecapital.us\/de\/cpi-mietdaten-multifamily-realitaet-inflationszahlen\/\"><img loading=\"lazy\" decoding=\"async\" width=\"1920\" height=\"877\" src=\"https:\/\/whitestonecapital.us\/wp-content\/uploads\/2026\/03\/CPI_Cover.avif\" class=\"attachment-full size-full wp-image-20815\" alt=\"\" srcset=\"https:\/\/whitestonecapital.us\/wp-content\/uploads\/2026\/03\/CPI_Cover.avif 1920w, https:\/\/whitestonecapital.us\/wp-content\/uploads\/2026\/03\/CPI_Cover-300x137.avif 300w, https:\/\/whitestonecapital.us\/wp-content\/uploads\/2026\/03\/CPI_Cover-1024x468.avif 1024w, https:\/\/whitestonecapital.us\/wp-content\/uploads\/2026\/03\/CPI_Cover-768x351.avif 768w, https:\/\/whitestonecapital.us\/wp-content\/uploads\/2026\/03\/CPI_Cover-1536x702.avif 1536w\" sizes=\"(max-width: 1920px) 100vw, 1920px\" \/> <span class=\"raven-post-image-overlay\"><\/span><\/a>\t\t<\/div>\n\t\t\t\t\t\t<div class=\"raven-post-content\">\n\t\t\t\t\t\t\t<div class=\"raven-post-meta\"><a class=\"raven-post-meta-item raven-post-date\" href=\"https:\/\/whitestonecapital.us\/de\/2026\/03\/\" rel=\"bookmark\">9. M\u00e4rz 2026<\/a><\/div>\n\t\t<h2 class=\"raven-post-title\"><a class=\"raven-post-title-link\" href=\"https:\/\/whitestonecapital.us\/de\/cpi-mietdaten-multifamily-realitaet-inflationszahlen\/\">CPI-Mietdaten vs. Multifamily-Realit\u00e4t: Warum offizielle Inflationszahlen institutionelle Investoren in die Irre f\u00fchren<\/a><\/h2><div class=\"raven-post-excerpt\">Offizielle CPI-Daten zeigen 3,3 % Mietwachstum \u2013 institutionelle Multifamily-Eigent\u00fcmer sehen eine andere Realit\u00e4t. Wie die Divergenz zwischen Wohnkosteninflation und operativer Marktperformance Bewertungen, Zinspolitik und Finanzierungsmodelle verzerrt.<\/div>\t\t<div class=\"raven-post-read-more\">\n\t\t\t<a class=\"raven-post-button\" href=\"https:\/\/whitestonecapital.us\/de\/cpi-mietdaten-multifamily-realitaet-inflationszahlen\/\"><span class=\"raven-post-button-text\">read article<\/span><\/a>\n\t\t<\/div>\n\t\t\t\t\t\t<\/div>\n\t\t\t<\/div>\n\t\t<\/div>\n\t\t\t\t<\/div>\n\t\t<span class=\"raven-infinite-load\"><\/span>\t\t\t\t<\/div>\n\t\t\t\t<\/div>\n\t\t\t\t\t<\/div>\n\t\t\t\t<\/div>\n\t\t\t\t<\/div>\n\t\t","protected":false},"excerpt":{"rendered":"<p>informiert bleiben. Neues aus der Whitestone-Welt. October 17, 2025 Yield without Drama: Why Stable Cap Rates Mean More Than Rising Prices Viele Immobilien wirken stabil, weil sie voll belegt sind \u2013 doch das ist nur die halbe Wahrheit. Entscheidend ist, wie viel der potenziellen Mieteinnahmen wirklich flie\u00dft. Erfahre, warum die Economic Occupancy zum Schl\u00fcssel nachhaltiger [&hellip;]<\/p>\n","protected":false},"author":1,"featured_media":11553,"parent":0,"menu_order":0,"comment_status":"closed","ping_status":"closed","template":"elementor_header_footer","meta":{"_acf_changed":false,"iawp_total_views":369,"footnotes":""},"class_list":["post-11065","page","type-page","status-publish","has-post-thumbnail","hentry"],"acf":[],"_links":{"self":[{"href":"https:\/\/whitestonecapital.us\/de\/wp-json\/wp\/v2\/pages\/11065","targetHints":{"allow":["GET"]}}],"collection":[{"href":"https:\/\/whitestonecapital.us\/de\/wp-json\/wp\/v2\/pages"}],"about":[{"href":"https:\/\/whitestonecapital.us\/de\/wp-json\/wp\/v2\/types\/page"}],"author":[{"embeddable":true,"href":"https:\/\/whitestonecapital.us\/de\/wp-json\/wp\/v2\/users\/1"}],"replies":[{"embeddable":true,"href":"https:\/\/whitestonecapital.us\/de\/wp-json\/wp\/v2\/comments?post=11065"}],"version-history":[{"count":8,"href":"https:\/\/whitestonecapital.us\/de\/wp-json\/wp\/v2\/pages\/11065\/revisions"}],"predecessor-version":[{"id":19679,"href":"https:\/\/whitestonecapital.us\/de\/wp-json\/wp\/v2\/pages\/11065\/revisions\/19679"}],"wp:featuredmedia":[{"embeddable":true,"href":"https:\/\/whitestonecapital.us\/de\/wp-json\/wp\/v2\/media\/11553"}],"wp:attachment":[{"href":"https:\/\/whitestonecapital.us\/de\/wp-json\/wp\/v2\/media?parent=11065"}],"curies":[{"name":"wp","href":"https:\/\/api.w.org\/{rel}","templated":true}]}}